{"id":1945,"date":"2018-11-08T15:52:13","date_gmt":"2018-11-08T12:52:13","guid":{"rendered":"http:\/\/www.tedronesans.k12.tr\/?page_id=1945"},"modified":"2019-02-28T11:23:03","modified_gmt":"2019-02-28T08:23:03","slug":"ted-egitim-felsefesi","status":"publish","type":"page","link":"https:\/\/www.tedronesans.k12.tr\/english\/veli-alani\/veli-bilgilendirme-rehberi\/ted-egitim-felsefesi\/","title":{"rendered":"TED R\u00f6nesans Koleji E\u011fitim Felsefesi"},"content":{"rendered":"<p style=\"text-align: left;\">\n<table>\n<tbody>\n<tr>\n<td colspan=\"2\"><b>TED R\u00d6NESANS KOLEJ\u0130 STANDARTLARI<\/b><\/td>\n<\/tr>\n<tr>\n<td rowspan=\"7\"><b>ULUSLARARASI<\/b><\/td>\n<td><b>Cambridge Associate School Sertifikasyon Onay\u0131 (Cambridge E\u011fitim Programlar\u0131n\u0131 Uygulama ve De\u011ferlendirme Yetkisi) &#8211; 01.11.2018<\/b><\/td>\n<\/tr>\n<tr>\n<td><b>Oxford AQA Accredited School \u2013 Akredidasyon s\u00fcreci 01 Kas\u0131m 2018 itibari ile ba\u015flayacakt\u0131r.<\/b><\/td>\n<\/tr>\n<tr>\n<td><b>The Duke of Edinburgh\u2019s International Award (Edinburgh D\u00fck\u00fc Uluslararas\u0131 \u00d6d\u00fcl Program\u0131)<\/b><\/td>\n<\/tr>\n<tr>\n<td><b>BTEC (\u0130\u015fletme ve Teknolojik E\u011fitim Kurulu Yeterlik Programlar\u0131)<\/b><\/td>\n<\/tr>\n<tr>\n<td><b>CollegeBoard Advanced Placement (AP) Program\u0131<\/b><\/td>\n<\/tr>\n<tr>\n<td><b>TED-Kanada Uluslararas\u0131 \u00d6\u011frenci De\u011fi\u015fim Program\u0131<\/b><\/td>\n<\/tr>\n<tr>\n<td><b>Eco-Okullar Program\u0131<\/b><\/td>\n<\/tr>\n<tr>\n<td rowspan=\"3\"><b>ULUSAL<\/b><\/td>\n<td><b>Milli E\u011fitim Bakanl\u0131\u011f\u0131 Beyaz Bayrak Projesi Sertifikasyonu<\/b><\/td>\n<\/tr>\n<tr>\n<td><b>Milli E\u011fitim Bakanl\u0131\u011f\u0131 Beslenme Dostu Okul Sertifikasyonu<\/b><\/td>\n<\/tr>\n<tr>\n<td><b>T\u00fcrkiye \u00d6zel Okullar Birli\u011fi Derne\u011fi \u00dcyeli\u011fi<\/b><\/td>\n<\/tr>\n<\/tbody>\n<\/table>\n<p>&nbsp;<\/p>\n","protected":false},"excerpt":{"rendered":"<p>TED R\u00d6NESANS KOLEJ\u0130 STANDARTLARI ULUSLARARASI Cambridge Associate School Sertifikasyon Onay\u0131 (Cambridge E\u011fitim Programlar\u0131n\u0131 Uygulama ve De\u011ferlendirme Yetkisi) &#8211; 01.11.2018 Oxford AQA Accredited School \u2013 Akredidasyon s\u00fcreci<span class=\"excerpt-hellip\"> [\u2026]<\/span><\/p>\n","protected":false},"author":6,"featured_media":0,"parent":1835,"menu_order":0,"comment_status":"closed","ping_status":"closed","template":"","meta":{"footnotes":""},"class_list":["post-1945","page","type-page","status-publish","hentry"],"_links":{"self":[{"href":"https:\/\/www.tedronesans.k12.tr\/english\/wp-json\/wp\/v2\/pages\/1945","targetHints":{"allow":["GET"]}}],"collection":[{"href":"https:\/\/www.tedronesans.k12.tr\/english\/wp-json\/wp\/v2\/pages"}],"about":[{"href":"https:\/\/www.tedronesans.k12.tr\/english\/wp-json\/wp\/v2\/types\/page"}],"author":[{"embeddable":true,"href":"https:\/\/www.tedronesans.k12.tr\/english\/wp-json\/wp\/v2\/users\/6"}],"replies":[{"embeddable":true,"href":"https:\/\/www.tedronesans.k12.tr\/english\/wp-json\/wp\/v2\/comments?post=1945"}],"version-history":[{"count":0,"href":"https:\/\/www.tedronesans.k12.tr\/english\/wp-json\/wp\/v2\/pages\/1945\/revisions"}],"up":[{"embeddable":true,"href":"https:\/\/www.tedronesans.k12.tr\/english\/wp-json\/wp\/v2\/pages\/1835"}],"wp:attachment":[{"href":"https:\/\/www.tedronesans.k12.tr\/english\/wp-json\/wp\/v2\/media?parent=1945"}],"curies":[{"name":"wp","href":"https:\/\/api.w.org\/{rel}","templated":true}]}}