{"id":1947,"date":"2018-11-08T15:53:43","date_gmt":"2018-11-08T12:53:43","guid":{"rendered":"http:\/\/www.tedronesans.k12.tr\/?page_id=1947"},"modified":"2019-02-28T11:32:09","modified_gmt":"2019-02-28T08:32:09","slug":"sosyal-etkinlikler","status":"publish","type":"page","link":"https:\/\/www.tedronesans.k12.tr\/english\/veli-alani\/veli-bilgilendirme-rehberi\/sosyal-etkinlikler\/","title":{"rendered":"Sosyal Etkinlikler ve Kul\u00fcp \u00c7al\u0131\u015fmalar\u0131"},"content":{"rendered":"","protected":false},"excerpt":{"rendered":"","protected":false},"author":6,"featured_media":0,"parent":1835,"menu_order":0,"comment_status":"closed","ping_status":"closed","template":"","meta":{"footnotes":""},"class_list":["post-1947","page","type-page","status-publish","hentry"],"_links":{"self":[{"href":"https:\/\/www.tedronesans.k12.tr\/english\/wp-json\/wp\/v2\/pages\/1947","targetHints":{"allow":["GET"]}}],"collection":[{"href":"https:\/\/www.tedronesans.k12.tr\/english\/wp-json\/wp\/v2\/pages"}],"about":[{"href":"https:\/\/www.tedronesans.k12.tr\/english\/wp-json\/wp\/v2\/types\/page"}],"author":[{"embeddable":true,"href":"https:\/\/www.tedronesans.k12.tr\/english\/wp-json\/wp\/v2\/users\/6"}],"replies":[{"embeddable":true,"href":"https:\/\/www.tedronesans.k12.tr\/english\/wp-json\/wp\/v2\/comments?post=1947"}],"version-history":[{"count":0,"href":"https:\/\/www.tedronesans.k12.tr\/english\/wp-json\/wp\/v2\/pages\/1947\/revisions"}],"up":[{"embeddable":true,"href":"https:\/\/www.tedronesans.k12.tr\/english\/wp-json\/wp\/v2\/pages\/1835"}],"wp:attachment":[{"href":"https:\/\/www.tedronesans.k12.tr\/english\/wp-json\/wp\/v2\/media?parent=1947"}],"curies":[{"name":"wp","href":"https:\/\/api.w.org\/{rel}","templated":true}]}}