{"id":1972,"date":"2018-11-08T16:16:26","date_gmt":"2018-11-08T13:16:26","guid":{"rendered":"http:\/\/www.tedronesans.k12.tr\/?page_id=1972"},"modified":"2018-11-14T10:04:53","modified_gmt":"2018-11-14T07:04:53","slug":"kiyafet","status":"publish","type":"page","link":"https:\/\/www.tedronesans.k12.tr\/english\/veli-alani\/veli-bilgilendirme-rehberi\/kiyafet\/","title":{"rendered":"Okul K\u0131yafeti"},"content":{"rendered":"<p>Web sayfam\u0131zda\u00a0<a href=\"https:\/\/drive.google.com\/file\/d\/0B6opN6IF2oPoZXNycVhlazNVOFk\/view\">https:\/\/drive.google.com\/file\/d\/0B6opN6IF2oPoZXNycVhlazNVOFk\/view<\/a>\u00a0\u00a0ba\u011flant\u0131s\u0131ndan foto\u011fraflar\u0131na ula\u015fabilece\u011finiz k\u0131yafetleri okulumuzun 5. Kat\u0131nda bulunan TED D\u00fckkan\u2019dan temin edebilirsiniz.<\/p>\n<p>\u00d6\u011frencilerimiz \u00c7ar\u015famba g\u00fcnleri haricindeki okul g\u00fcnlerinde okul k\u0131yafeti ile okula gelirler.<\/p>\n<p><a href=\"https:\/\/drive.google.com\/file\/d\/0BwWXzeB1-3qHcUZSMGs4OEhpY3M\/view\">https:\/\/drive.google.com\/file\/d\/0BwWXzeB1-3qHcUZSMGs4OEhpY3M\/view<\/a><\/p>\n<p>&nbsp;<\/p>\n","protected":false},"excerpt":{"rendered":"<p>Web sayfam\u0131zda\u00a0https:\/\/drive.google.com\/file\/d\/0B6opN6IF2oPoZXNycVhlazNVOFk\/view\u00a0\u00a0ba\u011flant\u0131s\u0131ndan foto\u011fraflar\u0131na ula\u015fabilece\u011finiz k\u0131yafetleri okulumuzun 5. Kat\u0131nda bulunan TED D\u00fckkan\u2019dan temin edebilirsiniz. \u00d6\u011frencilerimiz \u00c7ar\u015famba g\u00fcnleri haricindeki okul g\u00fcnlerinde okul k\u0131yafeti ile okula gelirler. https:\/\/drive.google.com\/file\/d\/0BwWXzeB1-3qHcUZSMGs4OEhpY3M\/view &nbsp;<\/p>\n","protected":false},"author":6,"featured_media":0,"parent":1835,"menu_order":0,"comment_status":"closed","ping_status":"closed","template":"","meta":{"footnotes":""},"class_list":["post-1972","page","type-page","status-publish","hentry"],"_links":{"self":[{"href":"https:\/\/www.tedronesans.k12.tr\/english\/wp-json\/wp\/v2\/pages\/1972","targetHints":{"allow":["GET"]}}],"collection":[{"href":"https:\/\/www.tedronesans.k12.tr\/english\/wp-json\/wp\/v2\/pages"}],"about":[{"href":"https:\/\/www.tedronesans.k12.tr\/english\/wp-json\/wp\/v2\/types\/page"}],"author":[{"embeddable":true,"href":"https:\/\/www.tedronesans.k12.tr\/english\/wp-json\/wp\/v2\/users\/6"}],"replies":[{"embeddable":true,"href":"https:\/\/www.tedronesans.k12.tr\/english\/wp-json\/wp\/v2\/comments?post=1972"}],"version-history":[{"count":0,"href":"https:\/\/www.tedronesans.k12.tr\/english\/wp-json\/wp\/v2\/pages\/1972\/revisions"}],"up":[{"embeddable":true,"href":"https:\/\/www.tedronesans.k12.tr\/english\/wp-json\/wp\/v2\/pages\/1835"}],"wp:attachment":[{"href":"https:\/\/www.tedronesans.k12.tr\/english\/wp-json\/wp\/v2\/media?parent=1972"}],"curies":[{"name":"wp","href":"https:\/\/api.w.org\/{rel}","templated":true}]}}