{"id":1974,"date":"2018-11-08T16:17:47","date_gmt":"2018-11-08T13:17:47","guid":{"rendered":"http:\/\/www.tedronesans.k12.tr\/?page_id=1974"},"modified":"2019-02-28T16:24:04","modified_gmt":"2019-02-28T13:24:04","slug":"kayip-esya","status":"publish","type":"page","link":"https:\/\/www.tedronesans.k12.tr\/english\/veli-alani\/veli-bilgilendirme-rehberi\/kayip-esya\/","title":{"rendered":"Kay\u0131p E\u015fya S\u00fcreci"},"content":{"rendered":"","protected":false},"excerpt":{"rendered":"","protected":false},"author":6,"featured_media":0,"parent":1835,"menu_order":0,"comment_status":"closed","ping_status":"closed","template":"","meta":{"footnotes":""},"class_list":["post-1974","page","type-page","status-publish","hentry"],"_links":{"self":[{"href":"https:\/\/www.tedronesans.k12.tr\/english\/wp-json\/wp\/v2\/pages\/1974","targetHints":{"allow":["GET"]}}],"collection":[{"href":"https:\/\/www.tedronesans.k12.tr\/english\/wp-json\/wp\/v2\/pages"}],"about":[{"href":"https:\/\/www.tedronesans.k12.tr\/english\/wp-json\/wp\/v2\/types\/page"}],"author":[{"embeddable":true,"href":"https:\/\/www.tedronesans.k12.tr\/english\/wp-json\/wp\/v2\/users\/6"}],"replies":[{"embeddable":true,"href":"https:\/\/www.tedronesans.k12.tr\/english\/wp-json\/wp\/v2\/comments?post=1974"}],"version-history":[{"count":0,"href":"https:\/\/www.tedronesans.k12.tr\/english\/wp-json\/wp\/v2\/pages\/1974\/revisions"}],"up":[{"embeddable":true,"href":"https:\/\/www.tedronesans.k12.tr\/english\/wp-json\/wp\/v2\/pages\/1835"}],"wp:attachment":[{"href":"https:\/\/www.tedronesans.k12.tr\/english\/wp-json\/wp\/v2\/media?parent=1974"}],"curies":[{"name":"wp","href":"https:\/\/api.w.org\/{rel}","templated":true}]}}