{"id":1982,"date":"2018-11-08T16:25:41","date_gmt":"2018-11-08T13:25:41","guid":{"rendered":"http:\/\/www.tedronesans.k12.tr\/?page_id=1982"},"modified":"2018-11-09T12:02:58","modified_gmt":"2018-11-09T09:02:58","slug":"velilerimizden-beklentilerimiz","status":"publish","type":"page","link":"https:\/\/www.tedronesans.k12.tr\/english\/veli-alani\/veli-bilgilendirme-rehberi\/velilerimizden-beklentilerimiz\/","title":{"rendered":"Velilerimizden Beklentilerimiz"},"content":{"rendered":"<p>Okulumuz, velilerimiz ile olan ileti\u015fime \u00e7ok \u00f6nem vermektedir. Okul-veli ileti\u015fim s\u00fcre\u00e7lerine kat\u0131lman\u0131z ve e\u011fitim sistemimizin d\u00fczeni i\u00e7in;<\/p>\n<ul>\n<li>Okula geldi\u011finizde, velilerimiz i\u00e7in ayr\u0131lm\u0131\u015f olan bekleme alanlar\u0131nda bulunman\u0131z\u0131,<\/li>\n<\/ul>\n<ul>\n<li>\u00d6\u011frencimizin okuldan her zamankinden farkl\u0131 \u00e7\u0131k\u0131\u015f yapaca\u011f\u0131 zamanlarda ya da g\u00fcnl\u00fck servis de\u011fi\u015fikli\u011fi talepleriniz oldu\u011funda bu durumu e-posta yolu ile saat 13.00\u2019e, Cuma g\u00fcnleri ise 10.00\u2019a kadar <a href=\"https:\/\/mail.google.com\/mail\/ca\/u\/0\/?view=cm&amp;fs=1&amp;tf=1&amp;source=mailto&amp;to=servis@tedronesans.k12.tr\">https:\/\/mail.google.com\/mail\/ca\/u\/0\/?view=cm&amp;fs=1&amp;tf=1&amp;source=mailto&amp;to=servis@tedronesans.k12.tr\u00a0<\/a>adresine yaz\u0131l\u0131 olarak iletmenizi,<\/li>\n<\/ul>\n<ul>\n<li>Okul sa\u011fl\u0131\u011f\u0131n\u0131 desteklemek amac\u0131 ile bula\u015f\u0131c\u0131 hastal\u0131\u011f\u0131 tespit edilen \u00f6\u011frencimizin \u201cHekim Raporu\u201dnu bir an \u00f6nce okul revirimize ula\u015ft\u0131rman\u0131z\u0131,<\/li>\n<\/ul>\n<ul>\n<li>\u00d6\u011fretmenlerimizle bireysel g\u00f6r\u00fc\u015fmelerinizi sizler i\u00e7in organize edilmi\u015f randevu saatlerinde ger\u00e7ekle\u015ftirmenizi,<\/li>\n<\/ul>\n<ul>\n<li>Okul taraf\u0131ndan organize edilen toplant\u0131lara kat\u0131lman\u0131z\u0131,<\/li>\n<\/ul>\n<ul>\n<li>Okul taraf\u0131ndan g\u00f6nderilen duyurular\u0131 okuyarak, geri bildirimi olanlar\u0131 zaman\u0131nda yan\u0131tlaman\u0131z\u0131,<\/li>\n<\/ul>\n<ul>\n<li>Okul y\u00f6netimimiz, \u00f6\u011fretmenlerimiz ve di\u011fer \u00e7al\u0131\u015fanlar\u0131m\u0131za maddi de\u011feri olan hediyeler vermemenizi \u00f6nemle rica ederiz.<\/li>\n<\/ul>\n<p>G\u00fcvenli, d\u00fczenli, sa\u011fl\u0131kl\u0131 ve zengin bir e\u011fitim \u00f6\u011fretim ortam\u0131 yaratmam\u0131z konusunda bize verdi\u011finiz destek i\u00e7in te\u015fekk\u00fcr ediyoruz.<\/p>\n","protected":false},"excerpt":{"rendered":"<p>Okulumuz, velilerimiz ile olan ileti\u015fime \u00e7ok \u00f6nem vermektedir. Okul-veli ileti\u015fim s\u00fcre\u00e7lerine kat\u0131lman\u0131z ve e\u011fitim sistemimizin d\u00fczeni i\u00e7in; Okula geldi\u011finizde, velilerimiz i\u00e7in ayr\u0131lm\u0131\u015f olan bekleme alanlar\u0131nda bulunman\u0131z\u0131,<span class=\"excerpt-hellip\"> [\u2026]<\/span><\/p>\n","protected":false},"author":6,"featured_media":0,"parent":1835,"menu_order":0,"comment_status":"closed","ping_status":"closed","template":"","meta":{"footnotes":""},"class_list":["post-1982","page","type-page","status-publish","hentry"],"_links":{"self":[{"href":"https:\/\/www.tedronesans.k12.tr\/english\/wp-json\/wp\/v2\/pages\/1982","targetHints":{"allow":["GET"]}}],"collection":[{"href":"https:\/\/www.tedronesans.k12.tr\/english\/wp-json\/wp\/v2\/pages"}],"about":[{"href":"https:\/\/www.tedronesans.k12.tr\/english\/wp-json\/wp\/v2\/types\/page"}],"author":[{"embeddable":true,"href":"https:\/\/www.tedronesans.k12.tr\/english\/wp-json\/wp\/v2\/users\/6"}],"replies":[{"embeddable":true,"href":"https:\/\/www.tedronesans.k12.tr\/english\/wp-json\/wp\/v2\/comments?post=1982"}],"version-history":[{"count":0,"href":"https:\/\/www.tedronesans.k12.tr\/english\/wp-json\/wp\/v2\/pages\/1982\/revisions"}],"up":[{"embeddable":true,"href":"https:\/\/www.tedronesans.k12.tr\/english\/wp-json\/wp\/v2\/pages\/1835"}],"wp:attachment":[{"href":"https:\/\/www.tedronesans.k12.tr\/english\/wp-json\/wp\/v2\/media?parent=1982"}],"curies":[{"name":"wp","href":"https:\/\/api.w.org\/{rel}","templated":true}]}}