{"id":1999,"date":"2018-11-08T16:44:20","date_gmt":"2018-11-08T13:44:20","guid":{"rendered":"http:\/\/www.tedronesans.k12.tr\/?page_id=1999"},"modified":"2019-02-28T16:32:07","modified_gmt":"2019-02-28T13:32:07","slug":"yemekhane-saglik-taramalari","status":"publish","type":"page","link":"https:\/\/www.tedronesans.k12.tr\/english\/veli-alani\/veli-bilgilendirme-rehberi\/yemekhane-saglik-taramalari\/","title":{"rendered":"Yemekhane Sa\u011fl\u0131k Taramalar\u0131"},"content":{"rendered":"","protected":false},"excerpt":{"rendered":"","protected":false},"author":6,"featured_media":0,"parent":1835,"menu_order":0,"comment_status":"closed","ping_status":"closed","template":"","meta":{"footnotes":""},"class_list":["post-1999","page","type-page","status-publish","hentry"],"_links":{"self":[{"href":"https:\/\/www.tedronesans.k12.tr\/english\/wp-json\/wp\/v2\/pages\/1999","targetHints":{"allow":["GET"]}}],"collection":[{"href":"https:\/\/www.tedronesans.k12.tr\/english\/wp-json\/wp\/v2\/pages"}],"about":[{"href":"https:\/\/www.tedronesans.k12.tr\/english\/wp-json\/wp\/v2\/types\/page"}],"author":[{"embeddable":true,"href":"https:\/\/www.tedronesans.k12.tr\/english\/wp-json\/wp\/v2\/users\/6"}],"replies":[{"embeddable":true,"href":"https:\/\/www.tedronesans.k12.tr\/english\/wp-json\/wp\/v2\/comments?post=1999"}],"version-history":[{"count":0,"href":"https:\/\/www.tedronesans.k12.tr\/english\/wp-json\/wp\/v2\/pages\/1999\/revisions"}],"up":[{"embeddable":true,"href":"https:\/\/www.tedronesans.k12.tr\/english\/wp-json\/wp\/v2\/pages\/1835"}],"wp:attachment":[{"href":"https:\/\/www.tedronesans.k12.tr\/english\/wp-json\/wp\/v2\/media?parent=1999"}],"curies":[{"name":"wp","href":"https:\/\/api.w.org\/{rel}","templated":true}]}}