{"id":3838,"date":"2019-04-08T14:43:20","date_gmt":"2019-04-08T11:43:20","guid":{"rendered":"https:\/\/www.tedronesans.k12.tr\/?page_id=3838"},"modified":"2019-04-08T14:46:22","modified_gmt":"2019-04-08T11:46:22","slug":"gizlilik-politikasi","status":"publish","type":"page","link":"https:\/\/www.tedronesans.k12.tr\/english\/gizlilik-politikasi\/","title":{"rendered":"Gizlilik Politikas\u0131"},"content":{"rendered":"<p><strong>Ki\u015fisel Bilgi Verilmesi v<\/strong><strong>e Kullan\u0131m\u0131<\/strong><\/p>\n<p>Bu gizlilik politikas\u0131, TED R\u00f6nesans Kolejine ait internet sitesi, anketler, formlar, i\u015flemler veya sair yollar ile iradeniz ile bize vermi\u015f oldu\u011funuz ki\u015fisel\/sair bilgilerinizin \u00f6rne\u011fin ad, adres, do\u011fum tarihi, ya\u015f, ya\u015fan\u0131lan il, telefon numaras\u0131, e-posta ve sair bilgiler kullan\u0131m\u0131n\u0131 kapsamaktad\u0131r. (Bundan sonra bahsi ge\u00e7en bu \u00f6geleri k\u0131saca \u201cBilgiler\u201d olarak anaca\u011f\u0131z.)<\/p>\n<p>Belirtmek isteriz ki iradeniz ile taraf\u0131m\u0131za verdi\u011finiz \u201cBilgiler\u201d d\u0131\u015f\u0131nda okulumuzca herhangi bir bilgi toplanmamaktad\u0131r. Okulumuzca taraf\u0131n\u0131za aksi belirtilmedi\u011fi s\u00fcrece vermi\u015f oldu\u011funuz \u201cBilgiler\u201d, okulumuz ile ilgisi olmayan \u00fc\u00e7\u00fcnc\u00fc ki\u015filere verilmeyecektir. Okulumuzun Gizlilik Politikas\u0131; mevzuat h\u00fck\u00fcmlerine, ihtiya\u00e7, geli\u015fme ve sair sebeplere ba\u011fl\u0131 olarak zaman zaman de\u011fi\u015fiklik g\u00f6sterebilecektir. Gizlilik Politikam\u0131zda de\u011fi\u015fiklikler olmas\u0131 halinde, bu de\u011fi\u015fiklikler okulumuzun internet sitesinde gizlilik politikas\u0131 sayfas\u0131ndan takip edilebilecektir.<\/p>\n<p><strong>\u00d6zel Uyar\u0131:<\/strong> E\u011fer 15 ya\u015f\u0131ndan k\u00fc\u00e7\u00fckseniz l\u00fctfen ki\u015fisel bilgilerinizi bize g\u00f6ndermeyiniz. Okulumuz ile ileti\u015fime ge\u00e7mek, soru sormak ya da bu siteyi ki\u015fisel bilgilerinizin bize ula\u015ft\u0131r\u0131lmas\u0131n\u0131 gerektiren herhangi bir \u015fekilde kullanmak istiyorsan\u0131z l\u00fctfen anne-baban\u0131z\u0131n ya da veli\/vasinizin bu i\u015fi sizin ad\u0131n\u0131za yapmas\u0131n\u0131 sa\u011flay\u0131n\u0131z.<\/p>\n<p>\u0130radeniz ile vermi\u015f oldu\u011funuz \u201cBilgilerin\u201d m\u00fcmk\u00fcn oldu\u011funca do\u011fru ve g\u00fcncel olmas\u0131 ama\u00e7land\u0131\u011f\u0131ndan verdi\u011finiz \u201cBilgileri\u201d g\u00f6zden ge\u00e7irmek ya da de\u011fi\u015fiklik yapmak istemeniz durumunda okulumuz ile ba\u011flant\u0131 kurman\u0131z\u0131 rica ederiz.<\/p>\n<p><strong>Bilgilerin Kullan\u0131m\u0131 ve Gizlilik<\/strong><\/p>\n<p>\u0130radeniz ile taraf\u0131m\u0131za sa\u011flad\u0131\u011f\u0131n\u0131z \u201cBilgileri\u201d, a\u015fa\u011f\u0131daki ama\u00e7larla al\u0131yor ve kullan\u0131yoruz:<\/p>\n<ul>\n<li>Okulumuzca sa\u011flanan hizmetlerle ilgili sorun\/eksiklikleri \u00f6ng\u00f6rebilmek ve \u00e7\u00f6z\u00fcmlemek,<\/li>\n<li>Sizlere daha iyi hizmet sunabilmek,<\/li>\n<li>Sorular\u0131 ve\/veya taleplerinizi kar\u015f\u0131layabilmek,<\/li>\n<li>Ba\u015fvurular\u0131n\u0131z\u0131 i\u015fleme koyabilmek,<\/li>\n<li>Y\u00fck\u00fcml\u00fcl\u00fcklerimizi yerine getirebilmek,<\/li>\n<li>\u0130htiya\u00e7lar\u0131n\u0131z\u0131 kar\u015f\u0131layabilecek \u00fcr\u00fcn ya da hizmetler yaratabilmek i\u00e7in kullan\u0131lmaktad\u0131r.<\/li>\n<\/ul>\n<p>Okulumuz, \u201cBilgilerin\u201d g\u00fcvenli\u011fini sa\u011flamak ve korumak ad\u0131na elinden gelen gerekli \u00f6nemleri almaktad\u0131r. \u201cBilgileri\u201d saklayan sunucular g\u00fcvenli bir ortamdad\u0131r.<\/p>\n<p>Gizlilik Politikas\u0131nda ve\/veya taraf\u0131n\u0131za belirtilen durumlar d\u0131\u015f\u0131nda kimli\u011finizin tespit edilmesine yol a\u00e7abilecek \u201cBilgiler\u201d, yasal nedenlerle (kanuni ve sair mevzuatsal zorunluluk, resmi makamlar\u0131n talebi gibi) zorunluluk arz etmeyen ya da haklar\u0131m\u0131z\u0131, varl\u0131klar\u0131m\u0131z\u0131, ki\u015fisel emniyetimizi ve kullan\u0131c\u0131lar\u0131m\u0131z\u0131n\/m\u00fc\u015fterilerimizin emniyetini korumak ve\/veya savunmak gibi nedenlerle if\u015fa etmemiz gerekti\u011fi kanaatinde olmad\u0131\u011f\u0131m\u0131z s\u00fcrece a\u00e7\u0131klanmayacakt\u0131r.<\/p>\n<p><strong>Bilgilendirme<br \/>\n<\/strong>\u201cBilgilerin\u201d kullan\u0131m\u0131 veya if\u015fa edilmesi gibi bir durumda okulumuz, yetkili ki\u015fiye haber verecektir. Bu \u201cBilgilerin\u201d re\u015fit olmayan \u00f6\u011frenciye ait olmas\u0131 durumunda, velisine ya da vasisine bilgi verilecektir.<\/p>\n<p>Zaman zaman \u201cBilgileriniz\u201d, yukar\u0131da belirtilenler d\u0131\u015f\u0131ndaki nedenlerle (\u00d6rne\u011fin, pazar ara\u015ft\u0131rmalar\u0131 ve verilerinin izlenmesi, \u00fcr\u00fcn ve hizmetlerimiz hakk\u0131nda bilgi vermek ve bu kapsamda size ula\u015fmak, ilginizi \u00e7ekebilecek bilgileri sizlere g\u00f6nderebilmek gibi nedenlerle) kullanmas\u0131 veya \u00fc\u00e7\u00fcnc\u00fc ki\u015filerle payla\u015f\u0131lmas\u0131 gerekebilecektir. Bu nedenlerin kullan\u0131c\u0131, \u00f6\u011frenci ve veli\/vasilerin yarar\u0131na olaca\u011f\u0131 kanaatindeyiz.<\/p>\n<p>Bazen \u201cBilgilerinizin\u201d bu \u015fekilde kullan\u0131lmas\u0131na onay vermeyebilece\u011finizi anlay\u0131\u015fla kar\u015f\u0131l\u0131yoruz. Bu nedenle, sadece \u201cBilgilerinizin\u201d bize sunulmas\u0131 s\u0131ras\u0131nda bir \u00f6nceki paragrafta belirtilen \u015fekillerde kullan\u0131lmas\u0131na onay vermeniz halinde \u201cBilgiler\u201d bu \u015fekilde kullan\u0131lacakt\u0131r. Ek olarak, herhangi bir anda \u201cBilgilerinizin\u201d bir \u00f6nceki paragrafta belirtilen \u015fekillerde kullan\u0131lmas\u0131na art\u0131k onay vermedi\u011finiz halde, okulumuz ile ileti\u015fime ge\u00e7meniz yeterlidir. B\u00f6yle bir durumda \u201cBilgilerin\u201d s\u00f6z konusu ama\u00e7larla kullan\u0131lmas\u0131na, makul \u00f6l\u00e7\u00fclerde m\u00fcmk\u00fcn olabilecek en k\u0131sa zamanda son verilecektir.<\/p>\n<p><strong>\u00c7erezler<\/strong><br \/>\n\u00c7erez, herhangi bir internet sitesi taraf\u0131ndan bilgisayar\u0131n\u0131za b\u0131rak\u0131lan dosyalard\u0131r. Bu \u00e7erez dosyalar\u0131nda oturum bilgileri ve benzeri veriler saklanmaktad\u0131r ve internet sitesine yapt\u0131\u011f\u0131n\u0131z ziyaretinizle ilgili bilgileri (takvim ayarlar\u0131, ziyaret etti\u011finiz siteler gibi) hat\u0131rlaman\u0131za da yard\u0131mc\u0131 olur. \u0130nternet sitemize ziyaretiniz s\u0131ras\u0131nda \u00e7erez olarak adland\u0131r\u0131lan baz\u0131 bilgiler bilgisayar\u0131n\u0131zda depolanabilmekte web sitemizi tekrar ziyaret etti\u011finizde bu \u00e7erezler bilgi ama\u00e7l\u0131 olarak okunabilmektedir.<\/p>\n<p>Bir \u00e7erezin taraf\u0131n\u0131zca kabul edilmesi sonucunda toplad\u0131\u011f\u0131m\u0131z bilgi t\u00fcr\u00fc, bilgisayar\u0131n\u0131za \u00f6zg\u00fcd\u00fcr ve IP adresiniz, bilgisayar\u0131n web sitesinin ziyaret tarih ve saati, internet sitemizin hangi b\u00f6l\u00fcmlerinin ziyaret edildi\u011fi ve ula\u015f\u0131lmak istenen web sayfalar\u0131n\u0131n ba\u015far\u0131yla size sunulup sunulmad\u0131\u011f\u0131 gibi verileri i\u00e7ermektedir. Bu bilgiler, ki\u015fisel bilgileriniz de\u011fil bilgisayara ait bilgilerdir. Bilgisayar\u0131n\u0131z\u0131n ayarlar\u0131 de\u011fi\u015ftirilerek bu bilgiler silinebilmekte ya da bloke edebilmektedir. Ancak belirtmek isteriz ki bu bilgiler silinir ya da bloke edilirse sitenin baz\u0131 \u00f6zelliklerinden yararlanamayabilinir.<\/p>\n<p><strong>Log Dosyalar\u0131<\/strong><\/p>\n<p>Bir\u00e7ok internet sitesinin sunucular\u0131nda oldu\u011fu gibi okulumuza ait internet sitesinde de sitemize ne kadar eri\u015fildi\u011fini ve sitemizin ne kadar kullan\u0131ld\u0131\u011f\u0131n\u0131 \u00f6l\u00e7mek ad\u0131na bir tak\u0131m program\/ara\u00e7lar kullan\u0131lmaktad\u0131r. IP adresi, ziyaret\u00e7ilerin co\u011frafi konumu, (\u00fclke, \u015fehir gibi) taray\u0131c\u0131 t\u00fcr\u00fc, internet hizmet sunucusu, bahsi ge\u00e7en sayfalar, \u00e7\u0131k\u0131\u015f sayfalar\u0131, platform t\u00fcr\u00fc, tarih\/zaman aral\u0131\u011f\u0131, sayfalarda ge\u00e7irilen s\u00fcre ve arama motorlar\u0131 \u00fczerinden sitemize ula\u015fmak i\u00e7in kullan\u0131lan anahtar kelimeler, bu ba\u011flamda analiz edilen bilgiler aras\u0131ndad\u0131r.\u00a0<strong>Bu bilgiler, kesinlikle ki\u015fisel bilgileriniz ile ilgi olmay\u0131p anonimdir ve do\u011frudan ki\u015fisel kullan\u0131c\u0131larla ba\u011fda\u015ft\u0131r\u0131lamaz bilgilerdir.<\/strong>\u00a0Bu bilgileri sitemizin \u00e7ok ve az ziyaret edilen alanlar\u0131n\u0131 tespit etmek, sitenin problemli alanlar\u0131n\u0131 saptamak, ziyaret\u00e7ilerimizin demografik e\u011filimlerini analiz etmek, web sitemizi insanlar\u0131n bulmas\u0131n\u0131\/kolayla\u015ft\u0131rmas\u0131n\u0131 sa\u011flamak gibi ama\u00e7lar do\u011frultusunda okulumuzca kullanabilmektedir.<\/p>\n<p><strong>Linkler<\/strong><br \/>\n\u0130nternet sitemizde di\u011fer sitelere, baz\u0131 linklerle y\u00f6nlendirme yapabilir veya ba\u015fka sitelerde okulumuza ait internet sitesine link verilmi\u015f olabilir.<\/p>\n<p>Okulumuza ait olmayan internet sitelerinin g\u00fcvenlik uygulamalar\u0131ndan sorumlu olmad\u0131\u011f\u0131m\u0131z\u0131 bildirmemiz gerekti\u011fi kanaatindeyiz. Okulumuza ait internet sitemizden ayr\u0131l\u0131rken dikkatli olman\u0131z\u0131 ve ki\u015fisel bilgi toplayan her sitenin gizlilik s\u00f6zle\u015fmelerini veya gizlilik politikas\u0131n\u0131 okuman\u0131z gerekti\u011fini bilginize sunar\u0131z.<\/p>\n<p><strong>\u0130leti\u015fim Bilgileri\u00a0<\/strong><\/p>\n<p>Gizlilik Politikam\u0131zla ilgili soru veya \u00f6nerileriniz olmas\u0131 halinde bizimle ileti\u015fime ge\u00e7mekten \u00e7ekinmeyiniz.<\/p>\n","protected":false},"excerpt":{"rendered":"<p>Ki\u015fisel Bilgi Verilmesi ve Kullan\u0131m\u0131 Bu gizlilik politikas\u0131, TED R\u00f6nesans Kolejine ait internet sitesi, anketler, formlar, i\u015flemler veya sair yollar ile iradeniz ile bize vermi\u015f oldu\u011funuz<span class=\"excerpt-hellip\"> [\u2026]<\/span><\/p>\n","protected":false},"author":6,"featured_media":0,"parent":0,"menu_order":0,"comment_status":"closed","ping_status":"closed","template":"","meta":{"footnotes":""},"class_list":["post-3838","page","type-page","status-publish","hentry"],"_links":{"self":[{"href":"https:\/\/www.tedronesans.k12.tr\/english\/wp-json\/wp\/v2\/pages\/3838","targetHints":{"allow":["GET"]}}],"collection":[{"href":"https:\/\/www.tedronesans.k12.tr\/english\/wp-json\/wp\/v2\/pages"}],"about":[{"href":"https:\/\/www.tedronesans.k12.tr\/english\/wp-json\/wp\/v2\/types\/page"}],"author":[{"embeddable":true,"href":"https:\/\/www.tedronesans.k12.tr\/english\/wp-json\/wp\/v2\/users\/6"}],"replies":[{"embeddable":true,"href":"https:\/\/www.tedronesans.k12.tr\/english\/wp-json\/wp\/v2\/comments?post=3838"}],"version-history":[{"count":0,"href":"https:\/\/www.tedronesans.k12.tr\/english\/wp-json\/wp\/v2\/pages\/3838\/revisions"}],"wp:attachment":[{"href":"https:\/\/www.tedronesans.k12.tr\/english\/wp-json\/wp\/v2\/media?parent=3838"}],"curies":[{"name":"wp","href":"https:\/\/api.w.org\/{rel}","templated":true}]}}